{"id":588,"date":"2025-11-28T11:05:59","date_gmt":"2025-11-28T10:05:59","guid":{"rendered":"https:\/\/energiedesfees.fr\/?page_id=588"},"modified":"2026-01-08T17:55:02","modified_gmt":"2026-01-08T16:55:02","slug":"ma-methode-synergie-feng-shui","status":"publish","type":"page","link":"https:\/\/energiedesfees.fr\/index.php\/ma-methode-synergie-feng-shui\/","title":{"rendered":"Ma m\u00e9thode Pl\u00e9nAlchimie Feng shui"},"content":{"rendered":"\n<p>Pl\u00e9nAlchimie c&rsquo;est ma m\u00e9thode qui allie mes 3 piliers<\/p>\n\n\n\n<div class=\"wp-block-columns is-layout-flex wp-container-core-columns-is-layout-28f84493 wp-block-columns-is-layout-flex\">\n<div class=\"wp-block-column is-layout-flow wp-block-column-is-layout-flow\">\n<p class=\"has-text-align-center\"><strong>G\u00e9obiologie<\/strong><\/p>\n\n\n\n<figure class=\"wp-block-image aligncenter size-full is-resized\"><img loading=\"lazy\" decoding=\"async\" width=\"394\" height=\"253\" src=\"https:\/\/energiedesfees.fr\/wp-content\/uploads\/2025\/11\/baguette-de-sourcier-lantenois-laetitia-geobiologue.png\" alt=\"\" class=\"wp-image-589\" style=\"width:282px;height:auto\" srcset=\"https:\/\/energiedesfees.fr\/wp-content\/uploads\/2025\/11\/baguette-de-sourcier-lantenois-laetitia-geobiologue.png 394w, https:\/\/energiedesfees.fr\/wp-content\/uploads\/2025\/11\/baguette-de-sourcier-lantenois-laetitia-geobiologue-300x193.png 300w\" sizes=\"auto, (max-width: 394px) 100vw, 394px\" \/><\/figure>\n\n\n\n<p class=\"has-text-align-center\"><strong><em>D\u00e9pollution de votre environnement de vie<\/em><\/strong><\/p>\n\n\n\n<p>La majorit\u00e9 des maisons sont install\u00e9es dans des environnements sous lesquels passent des ph\u00e9nom\u00e8nes nocifs. A la longue ces \u00e9nergies conditionnent notre \u00e9nergie, d\u00e9t\u00e9riorent la qualit\u00e9 du sommeil, impactent nos pens\u00e9es et nos \u00e9motions, jusqu\u2019\u00e0 g\u00e9n\u00e9rer tensions et disputes au sein de la maison.<\/p>\n\n\n\n<p>Vous vous sentez de plus en plus mal malgr\u00e9 le d\u00e9veloppement personnel ou les pratiques bien-\u00eatre que vous pouvez faire, et sans comprendre pourquoi.<\/p>\n\n\n\n<p><strong>Voil\u00e0 pourquoi il est essentiel de d\u00e9marrer par cette premi\u00e8re \u00e9tape.<\/strong><\/p>\n\n\n\n<ul class=\"wp-block-list\">\n<li>Energie et vitalit\u00e9 retrouv\u00e9es<\/li>\n\n\n\n<li>Am\u00e9lioration de la qualit\u00e9 du repos et du sommeil<\/li>\n\n\n\n<li>Favorise le retour du calme \u00e0 la maison, des pens\u00e9es et des \u00e9motions plus positives, des relations plus saines<\/li>\n<\/ul>\n<\/div>\n\n\n\n<div class=\"wp-block-column is-layout-flow wp-block-column-is-layout-flow\">\n<p class=\"has-text-align-center\"><strong>Feng shui de l&rsquo;humain<\/strong><\/p>\n\n\n\n<figure class=\"wp-block-image aligncenter size-large is-resized\"><img loading=\"lazy\" decoding=\"async\" width=\"576\" height=\"1024\" src=\"https:\/\/energiedesfees.fr\/wp-content\/uploads\/2025\/11\/laetitia-lantenois-reiki-gray-576x1024.jpg\" alt=\"\" class=\"wp-image-590\" style=\"width:111px;height:auto\" srcset=\"https:\/\/energiedesfees.fr\/wp-content\/uploads\/2025\/11\/laetitia-lantenois-reiki-gray-576x1024.jpg 576w, https:\/\/energiedesfees.fr\/wp-content\/uploads\/2025\/11\/laetitia-lantenois-reiki-gray-169x300.jpg 169w, https:\/\/energiedesfees.fr\/wp-content\/uploads\/2025\/11\/laetitia-lantenois-reiki-gray-768x1365.jpg 768w, https:\/\/energiedesfees.fr\/wp-content\/uploads\/2025\/11\/laetitia-lantenois-reiki-gray-864x1536.jpg 864w, https:\/\/energiedesfees.fr\/wp-content\/uploads\/2025\/11\/laetitia-lantenois-reiki-gray-1152x2048.jpg 1152w, https:\/\/energiedesfees.fr\/wp-content\/uploads\/2025\/11\/laetitia-lantenois-reiki-gray-scaled.jpg 1440w\" sizes=\"auto, (max-width: 576px) 100vw, 576px\" \/><\/figure>\n\n\n\n<p class=\"has-text-align-center\"><strong><em>Ensuite il est grand temps de travaill\u00e9 sur soi avec le Feng Shui de l&rsquo;humain<\/em><\/strong><\/p>\n\n\n\n<p>Le Feng Shui de l\u2019Humain, ce sont les d\u00e9blocages \u00e9nerg\u00e9tiques et les lib\u00e9rations \u00e9motionnelles qui permettent de nettoyer et transmuter de tout ce qui emp\u00eache une personne d\u2019\u00eatre pleinement libre dans ses choix, ses comportements et ses \u00e9motions.<\/p>\n\n\n\n<p><strong>Ce que cela permet<\/strong>:<\/p>\n\n\n\n<ul class=\"wp-block-list\">\n<li>Apaise et lib\u00e8re les \u00e9motions, les frustrations, les peurs.<\/li>\n\n\n\n<li>Transforme les conditionnements, les croyances limitantes, les sch\u00e9mas \u00e0 r\u00e9p\u00e9titions, les blocages \u00e9nerg\u00e9tiques<\/li>\n\n\n\n<li>Am\u00e9liore la confiance en soi, l&rsquo;estime de soi en faisant la paix avec son pass\u00e9 et avec soi m\u00eame<\/li>\n<\/ul>\n<\/div>\n\n\n\n<div class=\"wp-block-column is-layout-flow wp-block-column-is-layout-flow\">\n<p class=\"has-text-align-center\"><strong>Feng shui de l&rsquo;habitat<\/strong><\/p>\n\n\n\n<figure class=\"wp-block-image aligncenter size-full is-resized\"><img loading=\"lazy\" decoding=\"async\" width=\"353\" height=\"261\" src=\"https:\/\/energiedesfees.fr\/wp-content\/uploads\/2025\/11\/salon-expertise-feng-shui-laetitia-lantenois.png\" alt=\"\" class=\"wp-image-591\" style=\"width:249px;height:auto\" srcset=\"https:\/\/energiedesfees.fr\/wp-content\/uploads\/2025\/11\/salon-expertise-feng-shui-laetitia-lantenois.png 353w, https:\/\/energiedesfees.fr\/wp-content\/uploads\/2025\/11\/salon-expertise-feng-shui-laetitia-lantenois-300x222.png 300w\" sizes=\"auto, (max-width: 353px) 100vw, 353px\" \/><\/figure>\n\n\n\n<p class=\"has-text-align-center\"><strong><em>Il ne reste plus qu&rsquo;a activ\u00e9 le Feng shui dans la maison pour soutenir et activer vos projets<\/em><\/strong><\/p>\n\n\n\n<p>Votre maison, c\u2019est nous.<br>Tous nos domaines de vie y sont repr\u00e9sent\u00e9s : famille, argent, amour, carri\u00e8re, confiance en vous, projets, discernement, alignement int\u00e9rieur\u2026<\/p>\n\n\n\n<p>En activant chacun de ces secteurs, les situations \u00e9voluent, notre regard sur les \u00e9v\u00e8nements devient diff\u00e9rent.<br>C\u2019est une transformation de notre monde int\u00e9rieur et c\u2019est tout l\u2019ext\u00e9rieur qui bouge avec nous. <\/p>\n\n\n\n<p><strong>Ce que cela permet<\/strong>:<\/p>\n\n\n\n<ul class=\"wp-block-list\">\n<li>Active tous les domaines de la vie<\/li>\n\n\n\n<li>Permet de retrouver le calme, la s\u00e9r\u00e9nit\u00e9 et l&rsquo;harmonie pour toute la famille<\/li>\n\n\n\n<li>Active la loi de l&rsquo;attraction et soutient dans tous les projets<\/li>\n<\/ul>\n<\/div>\n<\/div>\n\n\n\n<h2 class=\"wp-block-heading\">C&rsquo;est quoi mon m\u00e9tier de Consultant Feng Shui?<\/h2>\n\n\n\n<p>En tant que consultante Feng Shui ma mission est avant tout&nbsp; de vous <strong> accompagner<\/strong>.<\/p>\n\n\n\n<p>Je propose des prestations de G\u00e9obiologie, Feng Shui et Feng Shui de l\u2019humain sur une p\u00e9riode de&nbsp;<strong>plusieurs semaines voire plusieurs mois.<\/strong><\/p>\n\n\n\n<p>Car mettre des changements en place chez les gens et en eux, \u00e7a demande du temps et de la patience.<\/p>\n\n\n\n<p>Pour avoir l\u2019efficacit\u00e9 recherch\u00e9e, le&nbsp;<strong>suivi r\u00e9gulier du client<\/strong>&nbsp;est une cl\u00e9 importante.<\/p>\n\n\n\n<p>Les prestations peuvent alterner Feng Shui de l\u2019habitat et Feng Shui de l\u2019humain, en fonction des probl\u00e9matiques \u00e0 traiter, mais quoi qu\u2019il en soit, je vous recommande toujours de commencer par la G\u00e9obiologie pour assainir les \u00e9nergies dans un premier temps et permettre \u00e0 la suite de votre travail d\u2019apporter tous ses bienfaits.<\/p>\n\n\n\n<p>Mes accompagnements permet de&nbsp;<strong>travailler \u00e0 la fois sur site(particulier et soci\u00e9t\u00e9) mais aussi \u00e0 distance<\/strong>, ce qui vous assure le confort et la gestion de votre temps de travail. <\/p>\n\n\n\n<p><\/p>\n","protected":false},"excerpt":{"rendered":"<p>Pl\u00e9nAlchimie c&rsquo;est ma m\u00e9thode qui allie mes 3 piliers G\u00e9obiologie D\u00e9pollution de votre environnement de vie La majorit\u00e9 des maisons sont install\u00e9es dans des environnements sous lesquels passent des ph\u00e9nom\u00e8nes nocifs. A la longue ces \u00e9nergies conditionnent notre \u00e9nergie, d\u00e9t\u00e9riorent la qualit\u00e9 du sommeil, impactent nos pens\u00e9es et nos \u00e9motions, jusqu\u2019\u00e0 g\u00e9n\u00e9rer tensions et disputes [&hellip;]<\/p>\n","protected":false},"author":1,"featured_media":0,"parent":0,"menu_order":0,"comment_status":"closed","ping_status":"closed","template":"","meta":{"footnotes":""},"class_list":["post-588","page","type-page","status-publish","hentry"],"blocksy_meta":[],"yoast_head":"<!-- This site is optimized with the Yoast SEO plugin v27.5 - https:\/\/yoast.com\/product\/yoast-seo-wordpress\/ -->\n<title>Ma m\u00e9thode Pl\u00e9nAlchimie Feng shui - Energie des f\u00e9es by Laetitia lantenois<\/title>\n<meta name=\"description\" content=\"Laetitia Lantenois, \u00e9nerg\u00e9ticienne g\u00e9obiologue et consultante Feng Shui, REIKI Usui en Bourgogne Franche-Comt\u00e9 et Haute-Marne. Harmonisation \u00e9nerg\u00e9tique des lieux et accompagnement holistique.\" \/>\n<meta name=\"robots\" content=\"index, follow, max-snippet:-1, max-image-preview:large, max-video-preview:-1\" \/>\n<link rel=\"canonical\" href=\"https:\/\/energiedesfees.fr\/index.php\/ma-methode-synergie-feng-shui\/\" \/>\n<meta property=\"og:locale\" content=\"fr_FR\" \/>\n<meta property=\"og:type\" content=\"article\" \/>\n<meta property=\"og:title\" content=\"Ma m\u00e9thode Pl\u00e9nAlchimie Feng shui - Energie des f\u00e9es by Laetitia lantenois\" \/>\n<meta property=\"og:description\" content=\"Laetitia Lantenois, \u00e9nerg\u00e9ticienne g\u00e9obiologue et consultante Feng Shui, REIKI Usui en Bourgogne Franche-Comt\u00e9 et Haute-Marne. Harmonisation \u00e9nerg\u00e9tique des lieux et accompagnement holistique.\" \/>\n<meta property=\"og:url\" content=\"https:\/\/energiedesfees.fr\/index.php\/ma-methode-synergie-feng-shui\/\" \/>\n<meta property=\"og:site_name\" content=\"Energie des f\u00e9es by Laetitia lantenois\" \/>\n<meta property=\"article:publisher\" content=\"https:\/\/www.facebook.com\/profile.php?id=100083468225872\" \/>\n<meta property=\"article:modified_time\" content=\"2026-01-08T16:55:02+00:00\" \/>\n<meta property=\"og:image\" content=\"https:\/\/energiedesfees.fr\/wp-content\/uploads\/2025\/11\/baguette-de-sourcier-lantenois-laetitia-geobiologue.png\" \/>\n\t<meta property=\"og:image:width\" content=\"394\" \/>\n\t<meta property=\"og:image:height\" content=\"253\" \/>\n\t<meta property=\"og:image:type\" content=\"image\/png\" \/>\n<meta name=\"twitter:card\" content=\"summary_large_image\" \/>\n<meta name=\"twitter:label1\" content=\"Dur\u00e9e de lecture estim\u00e9e\" \/>\n\t<meta name=\"twitter:data1\" content=\"4 minutes\" \/>\n<script type=\"application\/ld+json\" class=\"yoast-schema-graph\">{\"@context\":\"https:\\\/\\\/schema.org\",\"@graph\":[{\"@type\":\"WebPage\",\"@id\":\"https:\\\/\\\/energiedesfees.fr\\\/index.php\\\/ma-methode-synergie-feng-shui\\\/\",\"url\":\"https:\\\/\\\/energiedesfees.fr\\\/index.php\\\/ma-methode-synergie-feng-shui\\\/\",\"name\":\"Ma m\u00e9thode Pl\u00e9nAlchimie Feng shui - Energie des f\u00e9es by Laetitia lantenois\",\"isPartOf\":{\"@id\":\"https:\\\/\\\/energiedesfees.fr\\\/#website\"},\"primaryImageOfPage\":{\"@id\":\"https:\\\/\\\/energiedesfees.fr\\\/index.php\\\/ma-methode-synergie-feng-shui\\\/#primaryimage\"},\"image\":{\"@id\":\"https:\\\/\\\/energiedesfees.fr\\\/index.php\\\/ma-methode-synergie-feng-shui\\\/#primaryimage\"},\"thumbnailUrl\":\"https:\\\/\\\/energiedesfees.fr\\\/wp-content\\\/uploads\\\/2025\\\/11\\\/baguette-de-sourcier-lantenois-laetitia-geobiologue.png\",\"datePublished\":\"2025-11-28T10:05:59+00:00\",\"dateModified\":\"2026-01-08T16:55:02+00:00\",\"description\":\"Laetitia Lantenois, \u00e9nerg\u00e9ticienne g\u00e9obiologue et consultante Feng Shui, REIKI Usui en Bourgogne Franche-Comt\u00e9 et Haute-Marne. Harmonisation \u00e9nerg\u00e9tique des lieux et accompagnement holistique.\",\"breadcrumb\":{\"@id\":\"https:\\\/\\\/energiedesfees.fr\\\/index.php\\\/ma-methode-synergie-feng-shui\\\/#breadcrumb\"},\"inLanguage\":\"fr-FR\",\"potentialAction\":[{\"@type\":\"ReadAction\",\"target\":[\"https:\\\/\\\/energiedesfees.fr\\\/index.php\\\/ma-methode-synergie-feng-shui\\\/\"]}]},{\"@type\":\"ImageObject\",\"inLanguage\":\"fr-FR\",\"@id\":\"https:\\\/\\\/energiedesfees.fr\\\/index.php\\\/ma-methode-synergie-feng-shui\\\/#primaryimage\",\"url\":\"https:\\\/\\\/energiedesfees.fr\\\/wp-content\\\/uploads\\\/2025\\\/11\\\/baguette-de-sourcier-lantenois-laetitia-geobiologue.png\",\"contentUrl\":\"https:\\\/\\\/energiedesfees.fr\\\/wp-content\\\/uploads\\\/2025\\\/11\\\/baguette-de-sourcier-lantenois-laetitia-geobiologue.png\",\"width\":394,\"height\":253},{\"@type\":\"BreadcrumbList\",\"@id\":\"https:\\\/\\\/energiedesfees.fr\\\/index.php\\\/ma-methode-synergie-feng-shui\\\/#breadcrumb\",\"itemListElement\":[{\"@type\":\"ListItem\",\"position\":1,\"name\":\"Accueil\",\"item\":\"https:\\\/\\\/energiedesfees.fr\\\/\"},{\"@type\":\"ListItem\",\"position\":2,\"name\":\"Ma m\u00e9thode Pl\u00e9nAlchimie Feng shui\"}]},{\"@type\":\"WebSite\",\"@id\":\"https:\\\/\\\/energiedesfees.fr\\\/#website\",\"url\":\"https:\\\/\\\/energiedesfees.fr\\\/\",\"name\":\"Energie des f\u00e9es by Laetitia lantenois\",\"description\":\"Artisan de lumi\u00e8re et cr\u00e9atrice de bonheur\",\"publisher\":{\"@id\":\"https:\\\/\\\/energiedesfees.fr\\\/#organization\"},\"potentialAction\":[{\"@type\":\"SearchAction\",\"target\":{\"@type\":\"EntryPoint\",\"urlTemplate\":\"https:\\\/\\\/energiedesfees.fr\\\/?s={search_term_string}\"},\"query-input\":{\"@type\":\"PropertyValueSpecification\",\"valueRequired\":true,\"valueName\":\"search_term_string\"}}],\"inLanguage\":\"fr-FR\"},{\"@type\":\"Organization\",\"@id\":\"https:\\\/\\\/energiedesfees.fr\\\/#organization\",\"name\":\"Energie des f\u00e9es by Laetitia lantenois\",\"url\":\"https:\\\/\\\/energiedesfees.fr\\\/\",\"logo\":{\"@type\":\"ImageObject\",\"inLanguage\":\"fr-FR\",\"@id\":\"https:\\\/\\\/energiedesfees.fr\\\/#\\\/schema\\\/logo\\\/image\\\/\",\"url\":\"https:\\\/\\\/energiedesfees.fr\\\/wp-content\\\/uploads\\\/2025\\\/09\\\/Je-vous-accueille-du-mercredi-au-dimanche-de-9h00-a-18h00-2.png\",\"contentUrl\":\"https:\\\/\\\/energiedesfees.fr\\\/wp-content\\\/uploads\\\/2025\\\/09\\\/Je-vous-accueille-du-mercredi-au-dimanche-de-9h00-a-18h00-2.png\",\"width\":1366,\"height\":768,\"caption\":\"                                                                    Energie des f\u00e9es by  Laetitia lantenois\"},\"image\":{\"@id\":\"https:\\\/\\\/energiedesfees.fr\\\/#\\\/schema\\\/logo\\\/image\\\/\"},\"sameAs\":[\"https:\\\/\\\/www.facebook.com\\\/profile.php?id=100083468225872\"]}]}<\/script>\n<!-- \/ Yoast SEO plugin. -->","yoast_head_json":{"title":"Ma m\u00e9thode Pl\u00e9nAlchimie Feng shui - Energie des f\u00e9es by Laetitia lantenois","description":"Laetitia Lantenois, \u00e9nerg\u00e9ticienne g\u00e9obiologue et consultante Feng Shui, REIKI Usui en Bourgogne Franche-Comt\u00e9 et Haute-Marne. Harmonisation \u00e9nerg\u00e9tique des lieux et accompagnement holistique.","robots":{"index":"index","follow":"follow","max-snippet":"max-snippet:-1","max-image-preview":"max-image-preview:large","max-video-preview":"max-video-preview:-1"},"canonical":"https:\/\/energiedesfees.fr\/index.php\/ma-methode-synergie-feng-shui\/","og_locale":"fr_FR","og_type":"article","og_title":"Ma m\u00e9thode Pl\u00e9nAlchimie Feng shui - Energie des f\u00e9es by Laetitia lantenois","og_description":"Laetitia Lantenois, \u00e9nerg\u00e9ticienne g\u00e9obiologue et consultante Feng Shui, REIKI Usui en Bourgogne Franche-Comt\u00e9 et Haute-Marne. Harmonisation \u00e9nerg\u00e9tique des lieux et accompagnement holistique.","og_url":"https:\/\/energiedesfees.fr\/index.php\/ma-methode-synergie-feng-shui\/","og_site_name":"Energie des f\u00e9es by Laetitia lantenois","article_publisher":"https:\/\/www.facebook.com\/profile.php?id=100083468225872","article_modified_time":"2026-01-08T16:55:02+00:00","og_image":[{"width":394,"height":253,"url":"https:\/\/energiedesfees.fr\/wp-content\/uploads\/2025\/11\/baguette-de-sourcier-lantenois-laetitia-geobiologue.png","type":"image\/png"}],"twitter_card":"summary_large_image","twitter_misc":{"Dur\u00e9e de lecture estim\u00e9e":"4 minutes"},"schema":{"@context":"https:\/\/schema.org","@graph":[{"@type":"WebPage","@id":"https:\/\/energiedesfees.fr\/index.php\/ma-methode-synergie-feng-shui\/","url":"https:\/\/energiedesfees.fr\/index.php\/ma-methode-synergie-feng-shui\/","name":"Ma m\u00e9thode Pl\u00e9nAlchimie Feng shui - Energie des f\u00e9es by Laetitia lantenois","isPartOf":{"@id":"https:\/\/energiedesfees.fr\/#website"},"primaryImageOfPage":{"@id":"https:\/\/energiedesfees.fr\/index.php\/ma-methode-synergie-feng-shui\/#primaryimage"},"image":{"@id":"https:\/\/energiedesfees.fr\/index.php\/ma-methode-synergie-feng-shui\/#primaryimage"},"thumbnailUrl":"https:\/\/energiedesfees.fr\/wp-content\/uploads\/2025\/11\/baguette-de-sourcier-lantenois-laetitia-geobiologue.png","datePublished":"2025-11-28T10:05:59+00:00","dateModified":"2026-01-08T16:55:02+00:00","description":"Laetitia Lantenois, \u00e9nerg\u00e9ticienne g\u00e9obiologue et consultante Feng Shui, REIKI Usui en Bourgogne Franche-Comt\u00e9 et Haute-Marne. Harmonisation \u00e9nerg\u00e9tique des lieux et accompagnement holistique.","breadcrumb":{"@id":"https:\/\/energiedesfees.fr\/index.php\/ma-methode-synergie-feng-shui\/#breadcrumb"},"inLanguage":"fr-FR","potentialAction":[{"@type":"ReadAction","target":["https:\/\/energiedesfees.fr\/index.php\/ma-methode-synergie-feng-shui\/"]}]},{"@type":"ImageObject","inLanguage":"fr-FR","@id":"https:\/\/energiedesfees.fr\/index.php\/ma-methode-synergie-feng-shui\/#primaryimage","url":"https:\/\/energiedesfees.fr\/wp-content\/uploads\/2025\/11\/baguette-de-sourcier-lantenois-laetitia-geobiologue.png","contentUrl":"https:\/\/energiedesfees.fr\/wp-content\/uploads\/2025\/11\/baguette-de-sourcier-lantenois-laetitia-geobiologue.png","width":394,"height":253},{"@type":"BreadcrumbList","@id":"https:\/\/energiedesfees.fr\/index.php\/ma-methode-synergie-feng-shui\/#breadcrumb","itemListElement":[{"@type":"ListItem","position":1,"name":"Accueil","item":"https:\/\/energiedesfees.fr\/"},{"@type":"ListItem","position":2,"name":"Ma m\u00e9thode Pl\u00e9nAlchimie Feng shui"}]},{"@type":"WebSite","@id":"https:\/\/energiedesfees.fr\/#website","url":"https:\/\/energiedesfees.fr\/","name":"Energie des f\u00e9es by Laetitia lantenois","description":"Artisan de lumi\u00e8re et cr\u00e9atrice de bonheur","publisher":{"@id":"https:\/\/energiedesfees.fr\/#organization"},"potentialAction":[{"@type":"SearchAction","target":{"@type":"EntryPoint","urlTemplate":"https:\/\/energiedesfees.fr\/?s={search_term_string}"},"query-input":{"@type":"PropertyValueSpecification","valueRequired":true,"valueName":"search_term_string"}}],"inLanguage":"fr-FR"},{"@type":"Organization","@id":"https:\/\/energiedesfees.fr\/#organization","name":"Energie des f\u00e9es by Laetitia lantenois","url":"https:\/\/energiedesfees.fr\/","logo":{"@type":"ImageObject","inLanguage":"fr-FR","@id":"https:\/\/energiedesfees.fr\/#\/schema\/logo\/image\/","url":"https:\/\/energiedesfees.fr\/wp-content\/uploads\/2025\/09\/Je-vous-accueille-du-mercredi-au-dimanche-de-9h00-a-18h00-2.png","contentUrl":"https:\/\/energiedesfees.fr\/wp-content\/uploads\/2025\/09\/Je-vous-accueille-du-mercredi-au-dimanche-de-9h00-a-18h00-2.png","width":1366,"height":768,"caption":"                                                                    Energie des f\u00e9es by  Laetitia lantenois"},"image":{"@id":"https:\/\/energiedesfees.fr\/#\/schema\/logo\/image\/"},"sameAs":["https:\/\/www.facebook.com\/profile.php?id=100083468225872"]}]}},"_links":{"self":[{"href":"https:\/\/energiedesfees.fr\/index.php\/wp-json\/wp\/v2\/pages\/588","targetHints":{"allow":["GET"]}}],"collection":[{"href":"https:\/\/energiedesfees.fr\/index.php\/wp-json\/wp\/v2\/pages"}],"about":[{"href":"https:\/\/energiedesfees.fr\/index.php\/wp-json\/wp\/v2\/types\/page"}],"author":[{"embeddable":true,"href":"https:\/\/energiedesfees.fr\/index.php\/wp-json\/wp\/v2\/users\/1"}],"replies":[{"embeddable":true,"href":"https:\/\/energiedesfees.fr\/index.php\/wp-json\/wp\/v2\/comments?post=588"}],"version-history":[{"count":3,"href":"https:\/\/energiedesfees.fr\/index.php\/wp-json\/wp\/v2\/pages\/588\/revisions"}],"predecessor-version":[{"id":623,"href":"https:\/\/energiedesfees.fr\/index.php\/wp-json\/wp\/v2\/pages\/588\/revisions\/623"}],"wp:attachment":[{"href":"https:\/\/energiedesfees.fr\/index.php\/wp-json\/wp\/v2\/media?parent=588"}],"curies":[{"name":"wp","href":"https:\/\/api.w.org\/{rel}","templated":true}]}}