{"id":211,"date":"2025-09-26T22:01:25","date_gmt":"2025-09-26T20:01:25","guid":{"rendered":"https:\/\/energiedesfees.fr\/?page_id=211"},"modified":"2025-10-04T18:25:12","modified_gmt":"2025-10-04T16:25:12","slug":"prendre-soin-de-soi-differemment","status":"publish","type":"page","link":"https:\/\/energiedesfees.fr\/index.php\/prendre-soin-de-soi-differemment\/","title":{"rendered":"Prendre soin de soi diff\u00e9remment"},"content":{"rendered":"\n<div class=\"wp-block-group is-layout-constrained wp-block-group-is-layout-constrained\">\n<div class=\"wp-block-cover is-light\"><img loading=\"lazy\" decoding=\"async\" width=\"540\" height=\"360\" class=\"wp-block-cover__image-background wp-image-216 size-full\" alt=\"champs de fleurs m\u00e9dicinales en hautes saone lantenois laetitia\" src=\"https:\/\/energiedesfees.fr\/wp-content\/uploads\/2025\/09\/champs-de-fleurs.jpg\" data-object-fit=\"cover\" srcset=\"https:\/\/energiedesfees.fr\/wp-content\/uploads\/2025\/09\/champs-de-fleurs.jpg 540w, https:\/\/energiedesfees.fr\/wp-content\/uploads\/2025\/09\/champs-de-fleurs-300x200.jpg 300w\" sizes=\"auto, (max-width: 540px) 100vw, 540px\" \/><span aria-hidden=\"true\" class=\"wp-block-cover__background has-background-dim\" style=\"background-color:#b7c1a4\"><\/span><div class=\"wp-block-cover__inner-container is-layout-constrained wp-block-cover-is-layout-constrained\">\n<p class=\"has-text-align-center has-large-font-size\">       <strong>Avec les plantes et les s\u00e9ances \u00e9nerg\u00e9tiques<\/strong><\/p>\n<\/div><\/div>\n<\/div>\n\n\n\n<div class=\"wp-block-columns is-layout-flex wp-container-core-columns-is-layout-28f84493 wp-block-columns-is-layout-flex\">\n<div class=\"wp-block-column is-layout-flow wp-block-column-is-layout-flow\">\n<figure class=\"wp-block-image size-large\"><img loading=\"lazy\" decoding=\"async\" width=\"819\" height=\"1024\" src=\"https:\/\/energiedesfees.fr\/wp-content\/uploads\/2025\/10\/decouvrez-les-bienfaits-dune-energeticienne-819x1024.png\" alt=\"\" class=\"wp-image-488\" srcset=\"https:\/\/energiedesfees.fr\/wp-content\/uploads\/2025\/10\/decouvrez-les-bienfaits-dune-energeticienne-819x1024.png 819w, https:\/\/energiedesfees.fr\/wp-content\/uploads\/2025\/10\/decouvrez-les-bienfaits-dune-energeticienne-240x300.png 240w, https:\/\/energiedesfees.fr\/wp-content\/uploads\/2025\/10\/decouvrez-les-bienfaits-dune-energeticienne-768x960.png 768w, https:\/\/energiedesfees.fr\/wp-content\/uploads\/2025\/10\/decouvrez-les-bienfaits-dune-energeticienne.png 1080w\" sizes=\"auto, (max-width: 819px) 100vw, 819px\" \/><\/figure>\n\n\n\n<div class=\"wp-block-buttons alignwide is-content-justification-center is-layout-flex wp-container-core-buttons-is-layout-098cc607 wp-block-buttons-is-layout-flex\">\n<div class=\"wp-block-button\"><a class=\"wp-block-button__link has-text-align-center wp-element-button\" href=\"https:\/\/energiedesfees.fr\/index.php\/les-seances-energetiques\/\">Allez \u00e0 la d\u00e9couverte de mon univers<\/a><\/div>\n<\/div>\n<\/div>\n\n\n\n<div class=\"wp-block-column is-layout-flow wp-block-column-is-layout-flow\">\n<figure class=\"wp-block-image size-large\"><img loading=\"lazy\" decoding=\"async\" width=\"819\" height=\"1024\" src=\"https:\/\/energiedesfees.fr\/wp-content\/uploads\/2025\/09\/plantes-medicinales-819x1024.png\" alt=\"\" class=\"wp-image-348\" srcset=\"https:\/\/energiedesfees.fr\/wp-content\/uploads\/2025\/09\/plantes-medicinales-819x1024.png 819w, https:\/\/energiedesfees.fr\/wp-content\/uploads\/2025\/09\/plantes-medicinales-240x300.png 240w, https:\/\/energiedesfees.fr\/wp-content\/uploads\/2025\/09\/plantes-medicinales-768x960.png 768w, https:\/\/energiedesfees.fr\/wp-content\/uploads\/2025\/09\/plantes-medicinales.png 1080w\" sizes=\"auto, (max-width: 819px) 100vw, 819px\" \/><\/figure>\n\n\n\n<div class=\"wp-block-buttons alignwide is-content-justification-center is-layout-flex wp-container-core-buttons-is-layout-a89b3969 wp-block-buttons-is-layout-flex\">\n<div class=\"wp-block-button\"><a class=\"wp-block-button__link wp-element-button\" href=\"https:\/\/energiedesfees.fr\/index.php\/cueillette-fleurs\/\">L&rsquo;univers des plantes<\/a><\/div>\n<\/div>\n<\/div>\n\n\n\n<div class=\"wp-block-column is-layout-flow wp-block-column-is-layout-flow\">\n<figure class=\"wp-block-image size-large\"><img loading=\"lazy\" decoding=\"async\" width=\"819\" height=\"1024\" src=\"https:\/\/energiedesfees.fr\/wp-content\/uploads\/2025\/09\/geobiologie-a-gray-laetitia-lantenois-nettoyage-energetique-819x1024.png\" alt=\"\" class=\"wp-image-346\" srcset=\"https:\/\/energiedesfees.fr\/wp-content\/uploads\/2025\/09\/geobiologie-a-gray-laetitia-lantenois-nettoyage-energetique-819x1024.png 819w, https:\/\/energiedesfees.fr\/wp-content\/uploads\/2025\/09\/geobiologie-a-gray-laetitia-lantenois-nettoyage-energetique-240x300.png 240w, https:\/\/energiedesfees.fr\/wp-content\/uploads\/2025\/09\/geobiologie-a-gray-laetitia-lantenois-nettoyage-energetique-768x960.png 768w, https:\/\/energiedesfees.fr\/wp-content\/uploads\/2025\/09\/geobiologie-a-gray-laetitia-lantenois-nettoyage-energetique.png 1080w\" sizes=\"auto, (max-width: 819px) 100vw, 819px\" \/><\/figure>\n\n\n\n<div class=\"wp-block-buttons is-layout-flex wp-block-buttons-is-layout-flex\">\n<div class=\"wp-block-button\"><a class=\"wp-block-button__link wp-element-button\" href=\"https:\/\/energiedesfees.fr\/index.php\/medium\/\">Harmonisez votre foyer     (personnes et maison)<\/a><\/div>\n<\/div>\n<\/div>\n<\/div>\n\n\n\n<p class=\"has-text-align-center\"><\/p>\n\n\n\n<div class=\"wp-block-group is-layout-constrained wp-block-group-is-layout-constrained\">\n<div class=\"wp-block-group alignfull has-text-color has-background is-layout-flow wp-block-group-is-layout-flow\" style=\"color:#000000;background-color:#ffffff\">\n<div class=\"wp-block-media-text is-stacked-on-mobile\"><figure class=\"wp-block-media-text__media\"><img loading=\"lazy\" decoding=\"async\" width=\"819\" height=\"1024\" src=\"https:\/\/energiedesfees.fr\/wp-content\/uploads\/2025\/09\/a-propos-de-moi-2-819x1024.png\" alt=\"\" class=\"wp-image-352 size-full\" srcset=\"https:\/\/energiedesfees.fr\/wp-content\/uploads\/2025\/09\/a-propos-de-moi-2-819x1024.png 819w, https:\/\/energiedesfees.fr\/wp-content\/uploads\/2025\/09\/a-propos-de-moi-2-240x300.png 240w, https:\/\/energiedesfees.fr\/wp-content\/uploads\/2025\/09\/a-propos-de-moi-2-768x960.png 768w, https:\/\/energiedesfees.fr\/wp-content\/uploads\/2025\/09\/a-propos-de-moi-2.png 1080w\" sizes=\"auto, (max-width: 819px) 100vw, 819px\" \/><\/figure><div class=\"wp-block-media-text__content\">\n<p>Vous souhaitez en savoir plus sur mon parcours &#8230;.<\/p>\n\n\n\n<div class=\"wp-block-buttons alignwide is-content-justification-center is-layout-flex wp-container-core-buttons-is-layout-a89b3969 wp-block-buttons-is-layout-flex\">\n<div class=\"wp-block-button\"><a class=\"wp-block-button__link wp-element-button\" href=\"https:\/\/energiedesfees.fr\/index.php\/qui-suis-je-presentation-complete-laetitia-lantenois\/\">Qui suis- je ?<\/a><\/div>\n<\/div>\n<\/div><\/div>\n<\/div>\n<\/div>\n\n\n\n<div class=\"wp-block-group alignfull has-contrast-color has-text-color is-vertical is-content-justification-center is-layout-flex wp-container-core-group-is-layout-f306f087 wp-block-group-is-layout-flex\" style=\"min-height:40vh;margin-top:0;margin-bottom:0;padding-top:var(--wp--preset--spacing--60);padding-right:var(--wp--preset--spacing--50);padding-bottom:var(--wp--preset--spacing--60);padding-left:var(--wp--preset--spacing--50)\">\n<div class=\"wp-block-group alignfull is-content-justification-space-between is-layout-flex wp-container-core-group-is-layout-83af0991 wp-block-group-is-layout-flex\" style=\"margin-top:0;margin-bottom:0;padding-top:var(--wp--preset--spacing--50);padding-right:var(--wp--preset--spacing--30);padding-bottom:var(--wp--preset--spacing--50);padding-left:var(--wp--preset--spacing--30)\"><h2 class=\"wp-block-site-title has-medium-font-size\"><a href=\"https:\/\/energiedesfees.fr\" target=\"_self\" rel=\"home\">                                                                    Energie des f\u00e9es by  Laetitia lantenois<\/a><\/h2><\/div>\n\n\n\n<figure class=\"wp-block-image size-large\"><img loading=\"lazy\" decoding=\"async\" width=\"1024\" height=\"576\" src=\"https:\/\/energiedesfees.fr\/wp-content\/uploads\/2025\/09\/bas-de-page-lantenois-laetitia-feng-shui-haute-saone-1024x576.png\" alt=\"\" class=\"wp-image-435\" srcset=\"https:\/\/energiedesfees.fr\/wp-content\/uploads\/2025\/09\/bas-de-page-lantenois-laetitia-feng-shui-haute-saone-1024x576.png 1024w, https:\/\/energiedesfees.fr\/wp-content\/uploads\/2025\/09\/bas-de-page-lantenois-laetitia-feng-shui-haute-saone-300x169.png 300w, https:\/\/energiedesfees.fr\/wp-content\/uploads\/2025\/09\/bas-de-page-lantenois-laetitia-feng-shui-haute-saone-768x432.png 768w, https:\/\/energiedesfees.fr\/wp-content\/uploads\/2025\/09\/bas-de-page-lantenois-laetitia-feng-shui-haute-saone.png 1366w\" sizes=\"auto, (max-width: 1024px) 100vw, 1024px\" \/><\/figure>\n\n\n\n<div class=\"wp-block-group alignfull is-content-justification-space-between is-layout-flex wp-container-core-group-is-layout-83af0991 wp-block-group-is-layout-flex\" style=\"margin-top:0;margin-bottom:0;padding-top:var(--wp--preset--spacing--50);padding-right:var(--wp--preset--spacing--30);padding-bottom:var(--wp--preset--spacing--50);padding-left:var(--wp--preset--spacing--30)\">\n<p class=\"has-text-align-left\">9 chemin d&rsquo;\u00e9chevanne&nbsp;<br>70100 Cresancey<br>Haute Sa\u00f4ne \u00e0 5 min  de Gray<\/p>\n\n\n\n<p class=\"has-text-align-left has-small-font-size\"><\/p>\n\n\n\n<div style=\"height:0px\" aria-hidden=\"true\" class=\"wp-block-spacer wp-container-content-541a6b20\"><\/div>\n<\/div>\n\n\n\n<p class=\"has-text-align-center has-medium-font-size\">Proudly powered by <a href=\"https:\/\/wordpress.org\">WordPress<\/a><\/p>\n\n\n\n<ul class=\"wp-block-social-links has-normal-icon-size is-style-logos-only is-nowrap is-layout-flex wp-container-core-social-links-is-layout-65900438 wp-block-social-links-is-layout-flex\"><li class=\"wp-social-link wp-social-link-facebook  wp-block-social-link\"><a href=\"#\" class=\"wp-block-social-link-anchor\"><svg width=\"24\" height=\"24\" viewBox=\"0 0 24 24\" version=\"1.1\" xmlns=\"http:\/\/www.w3.org\/2000\/svg\" aria-hidden=\"true\" focusable=\"false\"><path d=\"M12 2C6.5 2 2 6.5 2 12c0 5 3.7 9.1 8.4 9.9v-7H7.9V12h2.5V9.8c0-2.5 1.5-3.9 3.8-3.9 1.1 0 2.2.2 2.2.2v2.5h-1.3c-1.2 0-1.6.8-1.6 1.6V12h2.8l-.4 2.9h-2.3v7C18.3 21.1 22 17 22 12c0-5.5-4.5-10-10-10z\"><\/path><\/svg><span class=\"wp-block-social-link-label screen-reader-text\">Facebook<\/span><\/a><\/li>\n\n<li class=\"wp-social-link wp-social-link-twitter  wp-block-social-link\"><a href=\"#\" class=\"wp-block-social-link-anchor\"><svg width=\"24\" height=\"24\" viewBox=\"0 0 24 24\" version=\"1.1\" xmlns=\"http:\/\/www.w3.org\/2000\/svg\" aria-hidden=\"true\" focusable=\"false\"><path d=\"M22.23,5.924c-0.736,0.326-1.527,0.547-2.357,0.646c0.847-0.508,1.498-1.312,1.804-2.27 c-0.793,0.47-1.671,0.812-2.606,0.996C18.324,4.498,17.257,4,16.077,4c-2.266,0-4.103,1.837-4.103,4.103 c0,0.322,0.036,0.635,0.106,0.935C8.67,8.867,5.647,7.234,3.623,4.751C3.27,5.357,3.067,6.062,3.067,6.814 c0,1.424,0.724,2.679,1.825,3.415c-0.673-0.021-1.305-0.206-1.859-0.513c0,0.017,0,0.034,0,0.052c0,1.988,1.414,3.647,3.292,4.023 c-0.344,0.094-0.707,0.144-1.081,0.144c-0.264,0-0.521-0.026-0.772-0.074c0.522,1.63,2.038,2.816,3.833,2.85 c-1.404,1.1-3.174,1.756-5.096,1.756c-0.331,0-0.658-0.019-0.979-0.057c1.816,1.164,3.973,1.843,6.29,1.843 c7.547,0,11.675-6.252,11.675-11.675c0-0.178-0.004-0.355-0.012-0.531C20.985,7.47,21.68,6.747,22.23,5.924z\"><\/path><\/svg><span class=\"wp-block-social-link-label screen-reader-text\">Twitter<\/span><\/a><\/li>\n\n<li class=\"wp-social-link wp-social-link-wordpress  wp-block-social-link\"><a href=\"#\" class=\"wp-block-social-link-anchor\"><svg width=\"24\" height=\"24\" viewBox=\"0 0 24 24\" version=\"1.1\" xmlns=\"http:\/\/www.w3.org\/2000\/svg\" aria-hidden=\"true\" focusable=\"false\"><path d=\"M12.158,12.786L9.46,20.625c0.806,0.237,1.657,0.366,2.54,0.366c1.047,0,2.051-0.181,2.986-0.51 c-0.024-0.038-0.046-0.079-0.065-0.124L12.158,12.786z M3.009,12c0,3.559,2.068,6.634,5.067,8.092L3.788,8.341 C3.289,9.459,3.009,10.696,3.009,12z M18.069,11.546c0-1.112-0.399-1.881-0.741-2.48c-0.456-0.741-0.883-1.368-0.883-2.109 c0-0.826,0.627-1.596,1.51-1.596c0.04,0,0.078,0.005,0.116,0.007C16.472,3.904,14.34,3.009,12,3.009 c-3.141,0-5.904,1.612-7.512,4.052c0.211,0.007,0.41,0.011,0.579,0.011c0.94,0,2.396-0.114,2.396-0.114 C7.947,6.93,8.004,7.642,7.52,7.699c0,0-0.487,0.057-1.029,0.085l3.274,9.739l1.968-5.901l-1.401-3.838 C9.848,7.756,9.389,7.699,9.389,7.699C8.904,7.67,8.961,6.93,9.446,6.958c0,0,1.484,0.114,2.368,0.114 c0.94,0,2.397-0.114,2.397-0.114c0.485-0.028,0.542,0.684,0.057,0.741c0,0-0.488,0.057-1.029,0.085l3.249,9.665l0.897-2.996 C17.841,13.284,18.069,12.316,18.069,11.546z M19.889,7.686c0.039,0.286,0.06,0.593,0.06,0.924c0,0.912-0.171,1.938-0.684,3.22 l-2.746,7.94c2.673-1.558,4.47-4.454,4.47-7.771C20.991,10.436,20.591,8.967,19.889,7.686z M12,22C6.486,22,2,17.514,2,12 C2,6.486,6.486,2,12,2c5.514,0,10,4.486,10,10C22,17.514,17.514,22,12,22z\"><\/path><\/svg><span class=\"wp-block-social-link-label screen-reader-text\">WordPress<\/span><\/a><\/li><\/ul>\n\n\n\n<div class=\"wp-block-group is-layout-grid wp-container-core-group-is-layout-478b6e6b wp-block-group-is-layout-grid\"><\/div>\n<\/div>\n","protected":false},"excerpt":{"rendered":"<p>Vous souhaitez en savoir plus sur mon parcours &#8230;.<\/p>\n","protected":false},"author":1,"featured_media":0,"parent":0,"menu_order":0,"comment_status":"closed","ping_status":"closed","template":"","meta":{"footnotes":""},"class_list":["post-211","page","type-page","status-publish","hentry"],"blocksy_meta":[],"yoast_head":"<!-- This site is optimized with the Yoast SEO plugin v27.5 - https:\/\/yoast.com\/product\/yoast-seo-wordpress\/ -->\n<title>Prendre soin de soi diff\u00e9remment - Energie des f\u00e9es by Laetitia lantenois<\/title>\n<meta name=\"description\" content=\"Laetitia Lantenois, \u00e9nerg\u00e9ticienne g\u00e9obiologue et consultante Feng Shui, REIKI Usui en Bourgogne Franche-Comt\u00e9 et Haute-Marne. Harmonisation \u00e9nerg\u00e9tique des lieux et accompagnement holistique.\" \/>\n<meta name=\"robots\" content=\"index, follow, max-snippet:-1, max-image-preview:large, max-video-preview:-1\" \/>\n<link rel=\"canonical\" href=\"https:\/\/energiedesfees.fr\/index.php\/prendre-soin-de-soi-differemment\/\" \/>\n<meta property=\"og:locale\" content=\"fr_FR\" \/>\n<meta property=\"og:type\" content=\"article\" \/>\n<meta property=\"og:title\" content=\"Prendre soin de soi diff\u00e9remment - Energie des f\u00e9es by Laetitia lantenois\" \/>\n<meta property=\"og:description\" content=\"Laetitia Lantenois, \u00e9nerg\u00e9ticienne g\u00e9obiologue et consultante Feng Shui, REIKI Usui en Bourgogne Franche-Comt\u00e9 et Haute-Marne. Harmonisation \u00e9nerg\u00e9tique des lieux et accompagnement holistique.\" \/>\n<meta property=\"og:url\" content=\"https:\/\/energiedesfees.fr\/index.php\/prendre-soin-de-soi-differemment\/\" \/>\n<meta property=\"og:site_name\" content=\"Energie des f\u00e9es by Laetitia lantenois\" \/>\n<meta property=\"article:publisher\" content=\"https:\/\/www.facebook.com\/profile.php?id=100083468225872\" \/>\n<meta property=\"article:modified_time\" content=\"2025-10-04T16:25:12+00:00\" \/>\n<meta property=\"og:image\" content=\"https:\/\/energiedesfees.fr\/wp-content\/uploads\/2025\/09\/champs-de-fleurs.jpg\" \/>\n\t<meta property=\"og:image:width\" content=\"540\" \/>\n\t<meta property=\"og:image:height\" content=\"360\" \/>\n\t<meta property=\"og:image:type\" content=\"image\/jpeg\" \/>\n<meta name=\"twitter:card\" content=\"summary_large_image\" \/>\n<meta name=\"twitter:label1\" content=\"Dur\u00e9e de lecture estim\u00e9e\" \/>\n\t<meta name=\"twitter:data1\" content=\"2 minutes\" \/>\n<script type=\"application\/ld+json\" class=\"yoast-schema-graph\">{\"@context\":\"https:\\\/\\\/schema.org\",\"@graph\":[{\"@type\":\"WebPage\",\"@id\":\"https:\\\/\\\/energiedesfees.fr\\\/index.php\\\/prendre-soin-de-soi-differemment\\\/\",\"url\":\"https:\\\/\\\/energiedesfees.fr\\\/index.php\\\/prendre-soin-de-soi-differemment\\\/\",\"name\":\"Prendre soin de soi diff\u00e9remment - Energie des f\u00e9es by Laetitia lantenois\",\"isPartOf\":{\"@id\":\"https:\\\/\\\/energiedesfees.fr\\\/#website\"},\"primaryImageOfPage\":{\"@id\":\"https:\\\/\\\/energiedesfees.fr\\\/index.php\\\/prendre-soin-de-soi-differemment\\\/#primaryimage\"},\"image\":{\"@id\":\"https:\\\/\\\/energiedesfees.fr\\\/index.php\\\/prendre-soin-de-soi-differemment\\\/#primaryimage\"},\"thumbnailUrl\":\"https:\\\/\\\/energiedesfees.fr\\\/wp-content\\\/uploads\\\/2025\\\/09\\\/champs-de-fleurs.jpg\",\"datePublished\":\"2025-09-26T20:01:25+00:00\",\"dateModified\":\"2025-10-04T16:25:12+00:00\",\"description\":\"Laetitia Lantenois, \u00e9nerg\u00e9ticienne g\u00e9obiologue et consultante Feng Shui, REIKI Usui en Bourgogne Franche-Comt\u00e9 et Haute-Marne. Harmonisation \u00e9nerg\u00e9tique des lieux et accompagnement holistique.\",\"breadcrumb\":{\"@id\":\"https:\\\/\\\/energiedesfees.fr\\\/index.php\\\/prendre-soin-de-soi-differemment\\\/#breadcrumb\"},\"inLanguage\":\"fr-FR\",\"potentialAction\":[{\"@type\":\"ReadAction\",\"target\":[\"https:\\\/\\\/energiedesfees.fr\\\/index.php\\\/prendre-soin-de-soi-differemment\\\/\"]}]},{\"@type\":\"ImageObject\",\"inLanguage\":\"fr-FR\",\"@id\":\"https:\\\/\\\/energiedesfees.fr\\\/index.php\\\/prendre-soin-de-soi-differemment\\\/#primaryimage\",\"url\":\"https:\\\/\\\/energiedesfees.fr\\\/wp-content\\\/uploads\\\/2025\\\/09\\\/champs-de-fleurs.jpg\",\"contentUrl\":\"https:\\\/\\\/energiedesfees.fr\\\/wp-content\\\/uploads\\\/2025\\\/09\\\/champs-de-fleurs.jpg\",\"width\":540,\"height\":360,\"caption\":\"lantenois laetitia Energie des f\u00e9es ateliers plantes sauvages\"},{\"@type\":\"BreadcrumbList\",\"@id\":\"https:\\\/\\\/energiedesfees.fr\\\/index.php\\\/prendre-soin-de-soi-differemment\\\/#breadcrumb\",\"itemListElement\":[{\"@type\":\"ListItem\",\"position\":1,\"name\":\"Accueil\",\"item\":\"https:\\\/\\\/energiedesfees.fr\\\/\"},{\"@type\":\"ListItem\",\"position\":2,\"name\":\"Prendre soin de soi diff\u00e9remment\"}]},{\"@type\":\"WebSite\",\"@id\":\"https:\\\/\\\/energiedesfees.fr\\\/#website\",\"url\":\"https:\\\/\\\/energiedesfees.fr\\\/\",\"name\":\"Energie des f\u00e9es by Laetitia lantenois\",\"description\":\"Artisan de lumi\u00e8re et cr\u00e9atrice de bonheur\",\"publisher\":{\"@id\":\"https:\\\/\\\/energiedesfees.fr\\\/#organization\"},\"potentialAction\":[{\"@type\":\"SearchAction\",\"target\":{\"@type\":\"EntryPoint\",\"urlTemplate\":\"https:\\\/\\\/energiedesfees.fr\\\/?s={search_term_string}\"},\"query-input\":{\"@type\":\"PropertyValueSpecification\",\"valueRequired\":true,\"valueName\":\"search_term_string\"}}],\"inLanguage\":\"fr-FR\"},{\"@type\":\"Organization\",\"@id\":\"https:\\\/\\\/energiedesfees.fr\\\/#organization\",\"name\":\"Energie des f\u00e9es by Laetitia lantenois\",\"url\":\"https:\\\/\\\/energiedesfees.fr\\\/\",\"logo\":{\"@type\":\"ImageObject\",\"inLanguage\":\"fr-FR\",\"@id\":\"https:\\\/\\\/energiedesfees.fr\\\/#\\\/schema\\\/logo\\\/image\\\/\",\"url\":\"https:\\\/\\\/energiedesfees.fr\\\/wp-content\\\/uploads\\\/2025\\\/09\\\/Je-vous-accueille-du-mercredi-au-dimanche-de-9h00-a-18h00-2.png\",\"contentUrl\":\"https:\\\/\\\/energiedesfees.fr\\\/wp-content\\\/uploads\\\/2025\\\/09\\\/Je-vous-accueille-du-mercredi-au-dimanche-de-9h00-a-18h00-2.png\",\"width\":1366,\"height\":768,\"caption\":\"                                                                    Energie des f\u00e9es by  Laetitia lantenois\"},\"image\":{\"@id\":\"https:\\\/\\\/energiedesfees.fr\\\/#\\\/schema\\\/logo\\\/image\\\/\"},\"sameAs\":[\"https:\\\/\\\/www.facebook.com\\\/profile.php?id=100083468225872\"]}]}<\/script>\n<!-- \/ Yoast SEO plugin. -->","yoast_head_json":{"title":"Prendre soin de soi diff\u00e9remment - Energie des f\u00e9es by Laetitia lantenois","description":"Laetitia Lantenois, \u00e9nerg\u00e9ticienne g\u00e9obiologue et consultante Feng Shui, REIKI Usui en Bourgogne Franche-Comt\u00e9 et Haute-Marne. Harmonisation \u00e9nerg\u00e9tique des lieux et accompagnement holistique.","robots":{"index":"index","follow":"follow","max-snippet":"max-snippet:-1","max-image-preview":"max-image-preview:large","max-video-preview":"max-video-preview:-1"},"canonical":"https:\/\/energiedesfees.fr\/index.php\/prendre-soin-de-soi-differemment\/","og_locale":"fr_FR","og_type":"article","og_title":"Prendre soin de soi diff\u00e9remment - Energie des f\u00e9es by Laetitia lantenois","og_description":"Laetitia Lantenois, \u00e9nerg\u00e9ticienne g\u00e9obiologue et consultante Feng Shui, REIKI Usui en Bourgogne Franche-Comt\u00e9 et Haute-Marne. Harmonisation \u00e9nerg\u00e9tique des lieux et accompagnement holistique.","og_url":"https:\/\/energiedesfees.fr\/index.php\/prendre-soin-de-soi-differemment\/","og_site_name":"Energie des f\u00e9es by Laetitia lantenois","article_publisher":"https:\/\/www.facebook.com\/profile.php?id=100083468225872","article_modified_time":"2025-10-04T16:25:12+00:00","og_image":[{"width":540,"height":360,"url":"https:\/\/energiedesfees.fr\/wp-content\/uploads\/2025\/09\/champs-de-fleurs.jpg","type":"image\/jpeg"}],"twitter_card":"summary_large_image","twitter_misc":{"Dur\u00e9e de lecture estim\u00e9e":"2 minutes"},"schema":{"@context":"https:\/\/schema.org","@graph":[{"@type":"WebPage","@id":"https:\/\/energiedesfees.fr\/index.php\/prendre-soin-de-soi-differemment\/","url":"https:\/\/energiedesfees.fr\/index.php\/prendre-soin-de-soi-differemment\/","name":"Prendre soin de soi diff\u00e9remment - Energie des f\u00e9es by Laetitia lantenois","isPartOf":{"@id":"https:\/\/energiedesfees.fr\/#website"},"primaryImageOfPage":{"@id":"https:\/\/energiedesfees.fr\/index.php\/prendre-soin-de-soi-differemment\/#primaryimage"},"image":{"@id":"https:\/\/energiedesfees.fr\/index.php\/prendre-soin-de-soi-differemment\/#primaryimage"},"thumbnailUrl":"https:\/\/energiedesfees.fr\/wp-content\/uploads\/2025\/09\/champs-de-fleurs.jpg","datePublished":"2025-09-26T20:01:25+00:00","dateModified":"2025-10-04T16:25:12+00:00","description":"Laetitia Lantenois, \u00e9nerg\u00e9ticienne g\u00e9obiologue et consultante Feng Shui, REIKI Usui en Bourgogne Franche-Comt\u00e9 et Haute-Marne. Harmonisation \u00e9nerg\u00e9tique des lieux et accompagnement holistique.","breadcrumb":{"@id":"https:\/\/energiedesfees.fr\/index.php\/prendre-soin-de-soi-differemment\/#breadcrumb"},"inLanguage":"fr-FR","potentialAction":[{"@type":"ReadAction","target":["https:\/\/energiedesfees.fr\/index.php\/prendre-soin-de-soi-differemment\/"]}]},{"@type":"ImageObject","inLanguage":"fr-FR","@id":"https:\/\/energiedesfees.fr\/index.php\/prendre-soin-de-soi-differemment\/#primaryimage","url":"https:\/\/energiedesfees.fr\/wp-content\/uploads\/2025\/09\/champs-de-fleurs.jpg","contentUrl":"https:\/\/energiedesfees.fr\/wp-content\/uploads\/2025\/09\/champs-de-fleurs.jpg","width":540,"height":360,"caption":"lantenois laetitia Energie des f\u00e9es ateliers plantes sauvages"},{"@type":"BreadcrumbList","@id":"https:\/\/energiedesfees.fr\/index.php\/prendre-soin-de-soi-differemment\/#breadcrumb","itemListElement":[{"@type":"ListItem","position":1,"name":"Accueil","item":"https:\/\/energiedesfees.fr\/"},{"@type":"ListItem","position":2,"name":"Prendre soin de soi diff\u00e9remment"}]},{"@type":"WebSite","@id":"https:\/\/energiedesfees.fr\/#website","url":"https:\/\/energiedesfees.fr\/","name":"Energie des f\u00e9es by Laetitia lantenois","description":"Artisan de lumi\u00e8re et cr\u00e9atrice de bonheur","publisher":{"@id":"https:\/\/energiedesfees.fr\/#organization"},"potentialAction":[{"@type":"SearchAction","target":{"@type":"EntryPoint","urlTemplate":"https:\/\/energiedesfees.fr\/?s={search_term_string}"},"query-input":{"@type":"PropertyValueSpecification","valueRequired":true,"valueName":"search_term_string"}}],"inLanguage":"fr-FR"},{"@type":"Organization","@id":"https:\/\/energiedesfees.fr\/#organization","name":"Energie des f\u00e9es by Laetitia lantenois","url":"https:\/\/energiedesfees.fr\/","logo":{"@type":"ImageObject","inLanguage":"fr-FR","@id":"https:\/\/energiedesfees.fr\/#\/schema\/logo\/image\/","url":"https:\/\/energiedesfees.fr\/wp-content\/uploads\/2025\/09\/Je-vous-accueille-du-mercredi-au-dimanche-de-9h00-a-18h00-2.png","contentUrl":"https:\/\/energiedesfees.fr\/wp-content\/uploads\/2025\/09\/Je-vous-accueille-du-mercredi-au-dimanche-de-9h00-a-18h00-2.png","width":1366,"height":768,"caption":"                                                                    Energie des f\u00e9es by  Laetitia lantenois"},"image":{"@id":"https:\/\/energiedesfees.fr\/#\/schema\/logo\/image\/"},"sameAs":["https:\/\/www.facebook.com\/profile.php?id=100083468225872"]}]}},"_links":{"self":[{"href":"https:\/\/energiedesfees.fr\/index.php\/wp-json\/wp\/v2\/pages\/211","targetHints":{"allow":["GET"]}}],"collection":[{"href":"https:\/\/energiedesfees.fr\/index.php\/wp-json\/wp\/v2\/pages"}],"about":[{"href":"https:\/\/energiedesfees.fr\/index.php\/wp-json\/wp\/v2\/types\/page"}],"author":[{"embeddable":true,"href":"https:\/\/energiedesfees.fr\/index.php\/wp-json\/wp\/v2\/users\/1"}],"replies":[{"embeddable":true,"href":"https:\/\/energiedesfees.fr\/index.php\/wp-json\/wp\/v2\/comments?post=211"}],"version-history":[{"count":22,"href":"https:\/\/energiedesfees.fr\/index.php\/wp-json\/wp\/v2\/pages\/211\/revisions"}],"predecessor-version":[{"id":575,"href":"https:\/\/energiedesfees.fr\/index.php\/wp-json\/wp\/v2\/pages\/211\/revisions\/575"}],"wp:attachment":[{"href":"https:\/\/energiedesfees.fr\/index.php\/wp-json\/wp\/v2\/media?parent=211"}],"curies":[{"name":"wp","href":"https:\/\/api.w.org\/{rel}","templated":true}]}}